{"id":1489,"date":"2019-02-19T10:11:22","date_gmt":"2019-02-19T10:11:22","guid":{"rendered":"http:\/\/tsg-reiskirchen.de\/?page_id=1489"},"modified":"2024-05-06T10:30:43","modified_gmt":"2024-05-06T10:30:43","slug":"termine","status":"publish","type":"page","link":"https:\/\/tsg-reiskirchen.de\/?page_id=1489","title":{"rendered":"Formulare"},"content":{"rendered":"<div id='av-layout-grid-1'  class='av-layout-grid-container av-k5nqwswb-0b4916f65a71729fd54bbeaa50de56ce entry-content-wrapper main_color av-flex-cells  avia-builder-el-0  el_before_av_section  avia-builder-el-first   container_wrap sidebar_right'  >\n\n<style type=\"text\/css\" data-created_by=\"avia_inline_auto\" id=\"style-css-av-k5nqyi7u-c1a7a7834f69ce68474261749e6ba546\">\n.flex_cell.av-k5nqyi7u-c1a7a7834f69ce68474261749e6ba546{\nvertical-align:middle;\nheight:500px;\nmin-height:500px;\nbackground:url(https:\/\/tsg-reiskirchen.de\/wp-content\/uploads\/2019\/04\/Fotolia_164633519_Subscription_Monthly_M-300x114.jpg) 0% 0% no-repeat scroll #22689e;\n}\n.responsive #top #wrap_all .flex_cell.av-k5nqyi7u-c1a7a7834f69ce68474261749e6ba546{\npadding:30px 30px 30px 30px !important;\n}\n<\/style>\n<div class='flex_cell av-k5nqyi7u-c1a7a7834f69ce68474261749e6ba546 av-gridrow-cell av_one_half no_margin  avia-builder-el-1  el_before_av_cell_one_half  avia-builder-el-first  content-align-middle avia-full-stretch'  ><div class='flex_cell_inner'><\/div><\/div>\n<style type=\"text\/css\" data-created_by=\"avia_inline_auto\" id=\"style-css-av-k5nqzdoh-4a7152d88295b8024edd13a02255c601\">\n.flex_cell.av-k5nqzdoh-4a7152d88295b8024edd13a02255c601{\nvertical-align:middle;\nheight:500px;\nmin-height:500px;\nbackground-color:#22689e;\n}\n.responsive #top #wrap_all .flex_cell.av-k5nqzdoh-4a7152d88295b8024edd13a02255c601{\npadding:30px 30px 30px 30px !important;\n}\n<\/style>\n<div class='flex_cell av-k5nqzdoh-4a7152d88295b8024edd13a02255c601 av-gridrow-cell av_one_half no_margin  avia-builder-el-2  el_after_av_cell_one_half  avia-builder-el-last  content-align-middle'  ><div class='flex_cell_inner'><p>\n<style type=\"text\/css\" data-created_by=\"avia_inline_auto\" id=\"style-css-av-k5o19u3d-10cf6e1d492ae779721032375bc975b5\">\n#top .av-special-heading.av-k5o19u3d-10cf6e1d492ae779721032375bc975b5{\npadding-bottom:25px;\ncolor:#ffffff;\nfont-size:34px;\n}\nbody .av-special-heading.av-k5o19u3d-10cf6e1d492ae779721032375bc975b5 .av-special-heading-tag .heading-char{\nfont-size:25px;\n}\n#top #wrap_all .av-special-heading.av-k5o19u3d-10cf6e1d492ae779721032375bc975b5 .av-special-heading-tag{\nfont-size:34px;\n}\n.av-special-heading.av-k5o19u3d-10cf6e1d492ae779721032375bc975b5 .special-heading-inner-border{\nborder-color:#ffffff;\n}\n.av-special-heading.av-k5o19u3d-10cf6e1d492ae779721032375bc975b5 .av-subheading{\nfont-size:15px;\n}\n\n@media only screen and (min-width: 480px) and (max-width: 767px){ \n#top #wrap_all .av-special-heading.av-k5o19u3d-10cf6e1d492ae779721032375bc975b5 .av-special-heading-tag{\nfont-size:0.8em;\n}\n}\n\n@media only screen and (max-width: 479px){ \n#top #wrap_all .av-special-heading.av-k5o19u3d-10cf6e1d492ae779721032375bc975b5 .av-special-heading-tag{\nfont-size:0.8em;\n}\n}\n<\/style>\n<div  class='av-special-heading av-k5o19u3d-10cf6e1d492ae779721032375bc975b5 av-special-heading-h3 custom-color-heading blockquote modern-quote  avia-builder-el-3  el_before_av_textblock  avia-builder-el-first  av-inherit-size'><h3 class='av-special-heading-tag '  itemprop=\"headline\"  >Formulare <span class='special_amp'>&amp;<\/span> Schriftlichkeiten<\/h3><div class=\"special-heading-border\"><div class=\"special-heading-inner-border\"><\/div><\/div><\/div><br \/>\n\n<style type=\"text\/css\" data-created_by=\"avia_inline_auto\" id=\"style-css-av-k5nr3lu5-3c2dd146ae1c5b7ee478c1b7511579b5\">\n#top .av_textblock_section.av-k5nr3lu5-3c2dd146ae1c5b7ee478c1b7511579b5 .avia_textblock{\ncolor:#ffffff;\n}\n<\/style>\n<section  class='av_textblock_section av-k5nr3lu5-3c2dd146ae1c5b7ee478c1b7511579b5 '   itemscope=\"itemscope\" itemtype=\"https:\/\/schema.org\/CreativeWork\" ><div class='avia_textblock av_inherit_color'  itemprop=\"text\" ><p>Hier finden Sie unsere Eintrittserkl\u00e4rung sowie Satzung und Ordungen.<\/p>\n<\/div><\/section><\/p>\n<\/div><\/div>\n<\/div>\n<div id='av_section_1'  class='avia-section av-cg3agh-ed801fc3e438acec845791234552b16a main_color avia-section-default avia-no-border-styling  avia-builder-el-5  el_after_av_layout_row  avia-builder-el-last  avia-bg-style-scroll container_wrap sidebar_right'  ><div class='container av-section-cont-open' ><div class='template-page content  av-content-small alpha units'><div class='post-entry post-entry-type-page post-entry-1489'><div class='entry-content-wrapper clearfix'>\n\n<style type=\"text\/css\" data-created_by=\"avia_inline_auto\" id=\"style-css-av-b23qi9-facba20d865ace10b7564bc56ff32fa5\">\n.flex_column.av-b23qi9-facba20d865ace10b7564bc56ff32fa5{\nborder-radius:0px 0px 0px 0px;\npadding:0px 0px 0px 0px;\n}\n<\/style>\n<div  class='flex_column av-b23qi9-facba20d865ace10b7564bc56ff32fa5 av_one_half  avia-builder-el-6  el_before_av_one_half  avia-builder-el-first  first flex_column_div av-zero-column-padding  '     ><p>\n<style type=\"text\/css\" data-created_by=\"avia_inline_auto\" id=\"style-css-av-k5nr683k-d9c9f308b80d5f2764cc5fa67d3e02e7\">\n#top .av-special-heading.av-k5nr683k-d9c9f308b80d5f2764cc5fa67d3e02e7{\npadding-bottom:10px;\n}\nbody .av-special-heading.av-k5nr683k-d9c9f308b80d5f2764cc5fa67d3e02e7 .av-special-heading-tag .heading-char{\nfont-size:25px;\n}\n.av-special-heading.av-k5nr683k-d9c9f308b80d5f2764cc5fa67d3e02e7 .av-subheading{\nfont-size:15px;\n}\n<\/style>\n<div  class='av-special-heading av-k5nr683k-d9c9f308b80d5f2764cc5fa67d3e02e7 av-special-heading-h3 blockquote modern-quote modern-centered  avia-builder-el-7  el_before_av_hr  avia-builder-el-first '><div class='av-subheading av-subheading_above'><p>Formulare<\/p>\n<\/div><h3 class='av-special-heading-tag '  itemprop=\"headline\"  >Beantragung der Mtgliedschaft<\/h3><div class=\"special-heading-border\"><div class=\"special-heading-inner-border\"><\/div><\/div><\/div><br \/>\n<div  class='hr av-j2wgwx-4c8f637bef10054862b5ef21ef6d5377 hr-default  avia-builder-el-8  el_after_av_heading  el_before_av_button_big  avia-builder-el-last '><span class='hr-inner '><span class=\"hr-inner-style\"><\/span><\/span><\/div><br \/>\n<div  class='avia-button-wrap avia-button-center  avia-builder-el-9  el_after_av_hr  el_before_av_hr '>\n<style type=\"text\/css\" data-created_by=\"avia_inline_auto\" id=\"style-css-av-ju9hqfzk-d01ab096913f6cce1403d6327d0cca68\">\n#top #wrap_all .avia-button.av-ju9hqfzk-d01ab096913f6cce1403d6327d0cca68:hover{\ncolor:white;\ntransition:all 0.4s ease-in-out;\n}\n#top #wrap_all .avia-button.av-ju9hqfzk-d01ab096913f6cce1403d6327d0cca68:hover .avia-svg-icon svg:first-child{\nfill:white;\nstroke:white;\n}\n<\/style>\n<a href='https:\/\/tsg-reiskirchen.de\/wp-content\/uploads\/2024\/05\/Eintrittserklaerung-Teil-1-1.pdf' class='avia-color-red avia-font-color-theme-color avia-button avia-button-fullwidth av-ju9hqfzk-d01ab096913f6cce1403d6327d0cca68 avia-icon_select-yes-left-icon avia-color-red'  target=\"_blank\"  rel=\"noopener noreferrer\"  aria-label=\"Eintrittserkl\u00e4rung Teil 1\"><span class='avia_button_icon avia_button_icon_left avia-iconfont avia-font-entypo-fontello' data-av_icon='\ue82d' data-av_iconfont='entypo-fontello' ><\/span><span class='avia_iconbox_title' >Eintrittserkl\u00e4rung Teil 1<\/span><span class='avia_button_background avia-button avia-button-fullwidth avia-color-theme-color'><\/span><\/a><\/div><br \/>\n\n<style type=\"text\/css\" data-created_by=\"avia_inline_auto\" id=\"style-css-av-lvutmgv4-b36fee8fd54fafe0d2c53997c73afd83\">\n#top .hr.hr-invisible.av-lvutmgv4-b36fee8fd54fafe0d2c53997c73afd83{\nheight:20px;\n}\n<\/style>\n<div  class='hr av-lvutmgv4-b36fee8fd54fafe0d2c53997c73afd83 hr-invisible  avia-builder-el-10  el_after_av_button_big  el_before_av_button_big  avia-builder-el-no-sibling '><span class='hr-inner '><span class=\"hr-inner-style\"><\/span><\/span><\/div><br \/>\n<div  class='avia-button-wrap avia-button-center  avia-builder-el-11  el_after_av_hr  el_before_av_hr '>\n<style type=\"text\/css\" data-created_by=\"avia_inline_auto\" id=\"style-css-av-lvutlixx-ec11ef5336109750facc0dbcf2008f9c\">\n#top #wrap_all .avia-button.av-lvutlixx-ec11ef5336109750facc0dbcf2008f9c:hover{\ncolor:white;\ntransition:all 0.4s ease-in-out;\n}\n#top #wrap_all .avia-button.av-lvutlixx-ec11ef5336109750facc0dbcf2008f9c:hover .avia-svg-icon svg:first-child{\nfill:white;\nstroke:white;\n}\n<\/style>\n<a href='https:\/\/tsg-reiskirchen.de\/wp-content\/uploads\/2024\/05\/Eintrittserklaerung-Teil-2.pdf' class='avia-color-red avia-font-color-theme-color avia-button avia-button-fullwidth av-lvutlixx-ec11ef5336109750facc0dbcf2008f9c avia-icon_select-yes-left-icon avia-color-red'  target=\"_blank\"  rel=\"noopener noreferrer\"  aria-label=\"Eintrittserkl\u00e4rung Teil 2\"><span class='avia_button_icon avia_button_icon_left avia-iconfont avia-font-entypo-fontello' data-av_icon='\ue82d' data-av_iconfont='entypo-fontello' ><\/span><span class='avia_iconbox_title' >Eintrittserkl\u00e4rung Teil 2<\/span><span class='avia_button_background avia-button avia-button-fullwidth avia-color-theme-color'><\/span><\/a><\/div><br \/>\n<div  class='hr av-eqg6kh-ce595675c96e7b64e7c18012dd31b3b0 hr-default  avia-builder-el-12  el_after_av_button_big  el_before_av_textblock  avia-builder-el-first '><span class='hr-inner '><span class=\"hr-inner-style\"><\/span><\/span><\/div><br \/>\n\n<style type=\"text\/css\" data-created_by=\"avia_inline_auto\" id=\"style-css-av-8tfpr5-ce8026afd8263789a13cd90406ac0882\">\n#top .av_textblock_section.av-8tfpr5-ce8026afd8263789a13cd90406ac0882 .avia_textblock{\ncolor:#7bb0e7;\n}\n<\/style>\n<section  class='av_textblock_section av-8tfpr5-ce8026afd8263789a13cd90406ac0882 '   itemscope=\"itemscope\" itemtype=\"https:\/\/schema.org\/CreativeWork\" ><div class='avia_textblock av_inherit_color'  itemprop=\"text\" ><h2 style=\"text-align: center;\">Mitgliedschaft<\/h2>\n<p style=\"font-weight: 400;\">Bitte lesen Sie die Informationsbl\u00e4tter und bewahren Sie eine Kopie dieser auf. Alle Angaben (z. B. Personendaten, Einwilligungen oder Unterschriften) tragen Sie im Formular <strong>Eintrittserkl\u00e4rung Teil 2<\/strong>ein. Das Formular <strong>Eintrittserkl\u00e4rung Teil 2<\/strong> \u00fcbersenden Sie bitte per Post oder E-Mail an die Gesch\u00e4ftsstelle der TSG Reiskirchen 1908 e.V. oder an Frau Birgit Lindenstruth, unsere Beauftragte f\u00fcr die Mitgliederverwaltung, um die Vereinsmitgliedschaft zu beantragen.<\/p>\n\n<style type=\"text\/css\" data-created_by=\"avia_inline_auto\" id=\"style-css-av-av_hr-82f5be0ae0af6a64fe3091010b237709\">\n#top .hr.hr-invisible.av-av_hr-82f5be0ae0af6a64fe3091010b237709{\nheight:20px;\n}\n<\/style>\n<div  class='hr av-av_hr-82f5be0ae0af6a64fe3091010b237709 hr-invisible  avia-builder-el-14  el_before_av_hr  avia-builder-el-first '><span class='hr-inner '><span class=\"hr-inner-style\"><\/span><\/span><\/div>\n<p style=\"font-weight: 400;\">Vorstand der TSG Reiskirchen 1908 e.V.<br \/>\nGesch\u00e4ftsstelle<br \/>\nSchillerstra\u00dfe 6, 35447 Reiskirchen<\/p>\n<p style=\"font-weight: 400;\">E-Mail: vorstand@tsg-reiskirchen.de<\/p>\n<p style=\"font-weight: 400;\"><br class=\"avia-permanent-lb\" \/>\n<style type=\"text\/css\" data-created_by=\"avia_inline_auto\" id=\"style-css-av-av_hr-82f5be0ae0af6a64fe3091010b237709\">\n#top .hr.hr-invisible.av-av_hr-82f5be0ae0af6a64fe3091010b237709{\nheight:20px;\n}\n<\/style>\n<div  class='hr av-av_hr-82f5be0ae0af6a64fe3091010b237709 hr-invisible  avia-builder-el-15  el_after_av_hr  avia-builder-el-last '><span class='hr-inner '><span class=\"hr-inner-style\"><\/span><\/span><\/div><\/p>\n<p style=\"font-weight: 400;\">Frau Birgit Lindenstruth<br \/>\nMitgliederverwaltung TSG Reiskirchen 1908 e.V.<br \/>\nBersr\u00f6der Stra\u00dfe 4, 35447 Reiskirchen<\/p>\n<p style=\"font-weight: 400;\">E-Mail: vorstand@tsg-reiskirchen.de<\/p>\n<\/div><\/section><\/p><\/div>\n<style type=\"text\/css\" data-created_by=\"avia_inline_auto\" id=\"style-css-av-5re60h-f63775906e1912cfc1e8525ee0adbc26\">\n.flex_column.av-5re60h-f63775906e1912cfc1e8525ee0adbc26{\nborder-radius:0px 0px 0px 0px;\npadding:0px 0px 0px 0px;\n}\n<\/style>\n<div  class='flex_column av-5re60h-f63775906e1912cfc1e8525ee0adbc26 av_one_half  avia-builder-el-16  el_after_av_one_half  avia-builder-el-last  flex_column_div av-zero-column-padding  '     ><p>\n<style type=\"text\/css\" data-created_by=\"avia_inline_auto\" id=\"style-css-av-k5nr6dfp-7f53a43697eb23df9acde66bb02fe6ab\">\n#top .av-special-heading.av-k5nr6dfp-7f53a43697eb23df9acde66bb02fe6ab{\npadding-bottom:10px;\n}\nbody .av-special-heading.av-k5nr6dfp-7f53a43697eb23df9acde66bb02fe6ab .av-special-heading-tag .heading-char{\nfont-size:25px;\n}\n.av-special-heading.av-k5nr6dfp-7f53a43697eb23df9acde66bb02fe6ab .av-subheading{\nfont-size:15px;\n}\n<\/style>\n<div  class='av-special-heading av-k5nr6dfp-7f53a43697eb23df9acde66bb02fe6ab av-special-heading-h3 blockquote modern-quote modern-centered  avia-builder-el-17  el_before_av_hr  avia-builder-el-first '><div class='av-subheading av-subheading_above'><p>Schriftlichkeiten<\/p>\n<\/div><h3 class='av-special-heading-tag '  itemprop=\"headline\"  >Satzung und Ordnungen<\/h3><div class=\"special-heading-border\"><div class=\"special-heading-inner-border\"><\/div><\/div><\/div><br \/>\n<div  class='hr av-ainagh-52388f43f7ec694657fdc73a3942235b hr-default  avia-builder-el-18  el_after_av_heading  el_before_av_button_big  avia-builder-el-last '><span class='hr-inner '><span class=\"hr-inner-style\"><\/span><\/span><\/div><br \/>\n<div  class='avia-button-wrap avia-button-center  avia-builder-el-19  el_after_av_hr  el_before_av_hr '>\n<style type=\"text\/css\" data-created_by=\"avia_inline_auto\" id=\"style-css-av-ju9hn6cf-40bee0b2bd2a86a7db11c9070da39414\">\n#top #wrap_all .avia-button.av-ju9hn6cf-40bee0b2bd2a86a7db11c9070da39414{\ncolor:#ffffff;\ntransition:all 0.4s ease-in-out;\n}\n#top #wrap_all .avia-button.av-ju9hn6cf-40bee0b2bd2a86a7db11c9070da39414:hover{\ncolor:#ffffff;\ntransition:all 0.4s ease-in-out;\n}\n#top #wrap_all .avia-button.av-ju9hn6cf-40bee0b2bd2a86a7db11c9070da39414 .avia-svg-icon svg:first-child{\nfill:#ffffff;\nstroke:#ffffff;\n}\n#top #wrap_all .avia-button.av-ju9hn6cf-40bee0b2bd2a86a7db11c9070da39414:hover .avia-svg-icon svg:first-child{\nfill:#ffffff;\nstroke:#ffffff;\n}\n<\/style>\n<a href='http:\/\/tsg-reiskirchen.de\/wp-content\/uploads\/2019\/04\/ge\u00e4nderte-Satzung-2019.doc' class='avia-color-theme-color avia-button avia-button-fullwidth av-ju9hn6cf-40bee0b2bd2a86a7db11c9070da39414 avia-icon_select-yes-left-icon avia-color-theme-color'   aria-label=\"Satzung herunterladen\"><span class='avia_button_icon avia_button_icon_left avia-iconfont avia-font-entypo-fontello' data-av_icon='\ue82d' data-av_iconfont='entypo-fontello' ><\/span><span class='avia_iconbox_title' >Satzung herunterladen<\/span><span class='avia_button_background avia-button avia-button-fullwidth avia-color-theme-color'><\/span><\/a><\/div><br \/>\n<div  class='hr av-5h784x-711aa0f7bda3697eeb786508a0908741 hr-default  avia-builder-el-20  el_after_av_button_big  el_before_av_button_big  avia-builder-el-no-sibling '><span class='hr-inner '><span class=\"hr-inner-style\"><\/span><\/span><\/div><br \/>\n<div  class='avia-button-wrap avia-button-center  avia-builder-el-21  el_after_av_hr  el_before_av_hr '>\n<style type=\"text\/css\" data-created_by=\"avia_inline_auto\" id=\"style-css-av-ju9ho4be-42175e8e097ab252ba96bbaa7146fdd4\">\n#top #wrap_all .avia-button.av-ju9ho4be-42175e8e097ab252ba96bbaa7146fdd4{\ncolor:#ffffff;\ntransition:all 0.4s ease-in-out;\n}\n#top #wrap_all .avia-button.av-ju9ho4be-42175e8e097ab252ba96bbaa7146fdd4:hover{\ncolor:#ffffff;\ntransition:all 0.4s ease-in-out;\n}\n#top #wrap_all .avia-button.av-ju9ho4be-42175e8e097ab252ba96bbaa7146fdd4 .avia-svg-icon svg:first-child{\nfill:#ffffff;\nstroke:#ffffff;\n}\n#top #wrap_all .avia-button.av-ju9ho4be-42175e8e097ab252ba96bbaa7146fdd4:hover .avia-svg-icon svg:first-child{\nfill:#ffffff;\nstroke:#ffffff;\n}\n<\/style>\n<a href='http:\/\/tsg-reiskirchen.de\/wp-content\/uploads\/2019\/04\/TSG-Beitragsordnung150319.pdf' class='avia-color-theme-color avia-button avia-button-fullwidth av-ju9ho4be-42175e8e097ab252ba96bbaa7146fdd4 avia-icon_select-yes-left-icon avia-color-theme-color'   aria-label=\"Beitragsordnung herunterladen\"><span class='avia_button_icon avia_button_icon_left avia-iconfont avia-font-entypo-fontello' data-av_icon='\ue82d' data-av_iconfont='entypo-fontello' ><\/span><span class='avia_iconbox_title' >Beitragsordnung herunterladen<\/span><span class='avia_button_background avia-button avia-button-fullwidth avia-color-theme-color'><\/span><\/a><\/div><br \/>\n<div  class='hr av-4k6qn5-cd8b7d75eaa04f967e9506cf3415f1b5 hr-default  avia-builder-el-22  el_after_av_button_big  el_before_av_button_big  avia-builder-el-no-sibling '><span class='hr-inner '><span class=\"hr-inner-style\"><\/span><\/span><\/div><br \/>\n<div  class='avia-button-wrap avia-button-center  avia-builder-el-23  el_after_av_hr  el_before_av_hr '>\n<style type=\"text\/css\" data-created_by=\"avia_inline_auto\" id=\"style-css-av-ju9horwb-c79de5361dfa9391c3771c64c673a6ac\">\n#top #wrap_all .avia-button.av-ju9horwb-c79de5361dfa9391c3771c64c673a6ac{\ncolor:#ffffff;\ntransition:all 0.4s ease-in-out;\n}\n#top #wrap_all .avia-button.av-ju9horwb-c79de5361dfa9391c3771c64c673a6ac:hover{\ncolor:#ffffff;\ntransition:all 0.4s ease-in-out;\n}\n#top #wrap_all .avia-button.av-ju9horwb-c79de5361dfa9391c3771c64c673a6ac .avia-svg-icon svg:first-child{\nfill:#ffffff;\nstroke:#ffffff;\n}\n#top #wrap_all .avia-button.av-ju9horwb-c79de5361dfa9391c3771c64c673a6ac:hover .avia-svg-icon svg:first-child{\nfill:#ffffff;\nstroke:#ffffff;\n}\n<\/style>\n<a href='http:\/\/tsg-reiskirchen.de\/wp-content\/uploads\/2019\/04\/TSG-Geschaeftsordnung150319.pdf' class='avia-color-theme-color avia-button avia-button-fullwidth av-ju9horwb-c79de5361dfa9391c3771c64c673a6ac avia-icon_select-yes-left-icon avia-color-theme-color'   aria-label=\"Gesch\u00e4ftsordnung herunterladen\"><span class='avia_button_icon avia_button_icon_left avia-iconfont avia-font-entypo-fontello' data-av_icon='\ue82d' data-av_iconfont='entypo-fontello' ><\/span><span class='avia_iconbox_title' >Gesch\u00e4ftsordnung herunterladen<\/span><span class='avia_button_background avia-button avia-button-fullwidth avia-color-theme-color'><\/span><\/a><\/div><br \/>\n<div  class='hr av-2ebo5d-bad62c95a126a668d0a2ca42f7bd448c hr-default  avia-builder-el-24  el_after_av_button_big  el_before_av_button_big  avia-builder-el-no-sibling '><span class='hr-inner '><span class=\"hr-inner-style\"><\/span><\/span><\/div><br \/>\n<div  class='avia-button-wrap avia-button-center  avia-builder-el-25  el_after_av_hr  avia-builder-el-last '>\n<style type=\"text\/css\" data-created_by=\"avia_inline_auto\" id=\"style-css-av-ju9hp4rw-1ce2a578a60f047810973db6d5269627\">\n#top #wrap_all .avia-button.av-ju9hp4rw-1ce2a578a60f047810973db6d5269627{\ncolor:#ffffff;\ntransition:all 0.4s ease-in-out;\n}\n#top #wrap_all .avia-button.av-ju9hp4rw-1ce2a578a60f047810973db6d5269627:hover{\ncolor:#ffffff;\ntransition:all 0.4s ease-in-out;\n}\n#top #wrap_all .avia-button.av-ju9hp4rw-1ce2a578a60f047810973db6d5269627 .avia-svg-icon svg:first-child{\nfill:#ffffff;\nstroke:#ffffff;\n}\n#top #wrap_all .avia-button.av-ju9hp4rw-1ce2a578a60f047810973db6d5269627:hover .avia-svg-icon svg:first-child{\nfill:#ffffff;\nstroke:#ffffff;\n}\n<\/style>\n<a href='http:\/\/tsg-reiskirchen.de\/wp-content\/uploads\/2019\/04\/TSG-Ehrenordnung150319.pdf' class='avia-color-theme-color avia-button avia-button-fullwidth av-ju9hp4rw-1ce2a578a60f047810973db6d5269627 avia-icon_select-yes-left-icon avia-color-theme-color'   aria-label=\"Ehrenordnung herunterladen\"><span class='avia_button_icon avia_button_icon_left avia-iconfont avia-font-entypo-fontello' data-av_icon='\ue82d' data-av_iconfont='entypo-fontello' ><\/span><span class='avia_iconbox_title' >Ehrenordnung herunterladen<\/span><span class='avia_button_background avia-button avia-button-fullwidth avia-color-theme-color'><\/span><\/a><\/div><\/p><\/div><\/div><\/div><\/div><!-- close content main div --><\/div><\/div><div id='after_section_1'  class='main_color av_default_container_wrap container_wrap sidebar_right'  ><div class='container av-section-cont-open' ><div class='template-page content  av-content-small alpha units'><div class='post-entry post-entry-type-page post-entry-1489'><div class='entry-content-wrapper clearfix'>\n","protected":false},"excerpt":{"rendered":"","protected":false},"author":1,"featured_media":0,"parent":0,"menu_order":0,"comment_status":"closed","ping_status":"closed","template":"","meta":{"footnotes":""},"class_list":["post-1489","page","type-page","status-publish","hentry"],"_links":{"self":[{"href":"https:\/\/tsg-reiskirchen.de\/index.php?rest_route=\/wp\/v2\/pages\/1489","targetHints":{"allow":["GET"]}}],"collection":[{"href":"https:\/\/tsg-reiskirchen.de\/index.php?rest_route=\/wp\/v2\/pages"}],"about":[{"href":"https:\/\/tsg-reiskirchen.de\/index.php?rest_route=\/wp\/v2\/types\/page"}],"author":[{"embeddable":true,"href":"https:\/\/tsg-reiskirchen.de\/index.php?rest_route=\/wp\/v2\/users\/1"}],"replies":[{"embeddable":true,"href":"https:\/\/tsg-reiskirchen.de\/index.php?rest_route=%2Fwp%2Fv2%2Fcomments&post=1489"}],"version-history":[{"count":19,"href":"https:\/\/tsg-reiskirchen.de\/index.php?rest_route=\/wp\/v2\/pages\/1489\/revisions"}],"predecessor-version":[{"id":5045,"href":"https:\/\/tsg-reiskirchen.de\/index.php?rest_route=\/wp\/v2\/pages\/1489\/revisions\/5045"}],"wp:attachment":[{"href":"https:\/\/tsg-reiskirchen.de\/index.php?rest_route=%2Fwp%2Fv2%2Fmedia&parent=1489"}],"curies":[{"name":"wp","href":"https:\/\/api.w.org\/{rel}","templated":true}]}}